{"id":107,"date":"2017-01-02T14:27:19","date_gmt":"2017-01-02T16:27:19","guid":{"rendered":"http:\/\/mnkythemes.com\/vital\/?page_id=5"},"modified":"2023-06-06T15:27:55","modified_gmt":"2023-06-06T18:27:55","slug":"home","status":"publish","type":"page","link":"http:\/\/lisisolar.com.br\/","title":{"rendered":"lisisolar"},"content":{"rendered":"<p>[vc_row full_width=&#8221;stretch_row&#8221; enable_first_overlay=&#8221;true&#8221; first_overlay_opacity=&#8221;100&#8243;][vc_column][vc_column_text]<link href=\"http:\/\/fonts.googleapis.com\/css?family=Roboto:500%2C900%7COpen+Sans:400\" rel=\"stylesheet\" property=\"stylesheet\" type=\"text\/css\" media=\"all\">\n<div id=\"rev_slider_1_1_wrapper\" class=\"rev_slider_wrapper fullscreen-container\" data-source=\"gallery\" style=\"background:transparent;padding:0px;\">\n<!-- START REVOLUTION SLIDER 5.4.8.3 fullscreen mode -->\n\t<div id=\"rev_slider_1_1\" class=\"rev_slider fullscreenbanner\" style=\"display:none;\" data-version=\"5.4.8.3\">\n<ul>\t<!-- SLIDE  -->\n\t<li data-index=\"rs-1\" data-transition=\"fade\" data-slotamount=\"default\" data-hideafterloop=\"0\" data-hideslideonmobile=\"off\"  data-easein=\"default\" data-easeout=\"default\" data-masterspeed=\"300\"  data-thumb=\"http:\/\/lisisolar.com.br\/wp-content\/uploads\/2019\/09\/bgprincipal-100x50.jpg\"  data-rotate=\"0\"  data-saveperformance=\"off\"  data-title=\"Slide\" data-param1=\"\" data-param2=\"\" data-param3=\"\" data-param4=\"\" data-param5=\"\" data-param6=\"\" data-param7=\"\" data-param8=\"\" data-param9=\"\" data-param10=\"\" data-description=\"\">\n\t\t<!-- MAIN IMAGE -->\n\t\t<img src=\"http:\/\/lisisolar.com.br\/wp-content\/uploads\/2019\/09\/bgprincipal.jpg\"  alt=\"\" title=\"bgprincipal\"  width=\"2024\" height=\"1349\" data-bgposition=\"center center\" data-bgfit=\"cover\" data-bgrepeat=\"no-repeat\" data-bgparallax=\"off\" class=\"rev-slidebg\" data-no-retina>\n\t\t<!-- LAYERS -->\n\n\t\t<!-- LAYER NR. 1 -->\n\t\t<div class=\"tp-caption   tp-resizeme\" \n\t\t\t id=\"slide-1-layer-5\" \n\t\t\t data-x=\"['center','center','center','center']\" data-hoffset=\"['0','0','0','0']\" \n\t\t\t data-y=\"['middle','middle','middle','middle']\" data-voffset=\"['0','0','-35','0']\" \n\t\t\t\t\t\tdata-fontsize=\"['30','30','25','15']\"\n\t\t\tdata-lineheight=\"['35','35','26','25']\"\n\t\t\tdata-fontweight=\"['500','900','900','900']\"\n\t\t\tdata-width=\"['2000','1000','700','500']\"\n\t\t\tdata-height=\"['none','none','none','26']\"\n\t\t\tdata-whitespace=\"normal\"\n \n\t\t\tdata-type=\"text\" \n\t\t\tdata-responsive_offset=\"on\" \n\n\t\t\tdata-frames='[{\"delay\":10,\"speed\":300,\"frame\":\"0\",\"from\":\"opacity:0;\",\"to\":\"o:1;\",\"ease\":\"Power3.easeInOut\"},{\"delay\":\"wait\",\"speed\":300,\"frame\":\"999\",\"to\":\"opacity:0;\",\"ease\":\"Power3.easeInOut\"}]'\n\t\t\tdata-textAlign=\"['center','center','center','center']\"\n\t\t\tdata-paddingtop=\"[0,0,0,0]\"\n\t\t\tdata-paddingright=\"[0,0,0,0]\"\n\t\t\tdata-paddingbottom=\"[0,0,0,0]\"\n\t\t\tdata-paddingleft=\"[0,0,0,0]\"\n\n\t\t\tstyle=\"z-index: 5; min-width: 2000px; max-width: 2000px; white-space: normal; font-size: 30px; line-height: 35px; font-weight: 500; color: rgba(255,255,255,1); letter-spacing: px;font-family:Roboto;background-color:rgba(0,0,0,0);\">ENERGIA SOLAR FOTOVOLTAICA <\/div>\n\n\t\t<!-- LAYER NR. 2 -->\n\t\t<div class=\"tp-caption   tp-resizeme\" \n\t\t\t id=\"slide-1-layer-8\" \n\t\t\t data-x=\"['center','center','center','center']\" data-hoffset=\"['0','0','0','0']\" \n\t\t\t data-y=\"['bottom','bottom','bottom','bottom']\" data-voffset=\"['40','40','40','40']\" \n\t\t\t\t\t\tdata-width=\"none\"\n\t\t\tdata-height=\"none\"\n\t\t\tdata-whitespace=\"normal\"\n \n\t\t\tdata-type=\"text\" \n\t\t\tdata-actions='[{\"event\":\"click\",\"action\":\"scrollbelow\",\"offset\":\"px\",\"delay\":\"\",\"speed\":\"300\",\"ease\":\"Linear.easeNone\"}]'\n\t\t\tdata-basealign=\"slide\" \n\t\t\tdata-responsive_offset=\"on\" \n\n\t\t\tdata-frames='[{\"delay\":10,\"speed\":300,\"frame\":\"0\",\"from\":\"opacity:0;\",\"to\":\"o:1;\",\"ease\":\"Power3.easeInOut\"},{\"delay\":\"wait\",\"speed\":300,\"frame\":\"999\",\"to\":\"opacity:0;\",\"ease\":\"Power3.easeInOut\"},{\"frame\":\"hover\",\"speed\":\"300\",\"ease\":\"Power3.easeInOut\",\"to\":\"o:1;rX:0;rY:0;rZ:0;z:0;\",\"style\":\"c:rgba(255,255,255,0.7);\"}]'\n\t\t\tdata-textAlign=\"['inherit','inherit','inherit','inherit']\"\n\t\t\tdata-paddingtop=\"[0,0,0,0]\"\n\t\t\tdata-paddingright=\"[0,0,0,0]\"\n\t\t\tdata-paddingbottom=\"[0,0,0,0]\"\n\t\t\tdata-paddingleft=\"[0,0,0,0]\"\n\n\t\t\tstyle=\"z-index: 6; white-space: normal; font-size: 40px; line-height: 40px; font-weight: 400; color: rgba(255,255,255,1); letter-spacing: ;font-family:Open Sans;cursor:pointer;\"><i class=\"pe-7s-angle-down-circle\"><\/i> <\/div>\n\n\t\t<!-- LAYER NR. 3 -->\n\t\t<div class=\"tp-caption   tp-resizeme\" \n\t\t\t id=\"slide-1-layer-11\" \n\t\t\t data-x=\"['center','center','center','center']\" data-hoffset=\"['0','0','0','0']\" \n\t\t\t data-y=\"['middle','middle','middle','middle']\" data-voffset=\"['79','75','30','36']\" \n\t\t\t\t\t\tdata-fontsize=\"['50','50','40','20']\"\n\t\t\tdata-lineheight=\"['55','55','45','25']\"\n\t\t\tdata-width=\"['2000','1000','700','500']\"\n\t\t\tdata-height=\"none\"\n\t\t\tdata-whitespace=\"['nowrap','normal','normal','normal']\"\n \n\t\t\tdata-type=\"text\" \n\t\t\tdata-responsive_offset=\"on\" \n\n\t\t\tdata-frames='[{\"delay\":10,\"speed\":300,\"frame\":\"0\",\"from\":\"opacity:0;\",\"to\":\"o:1;\",\"ease\":\"Power3.easeInOut\"},{\"delay\":\"wait\",\"speed\":300,\"frame\":\"999\",\"to\":\"opacity:0;\",\"ease\":\"Power3.easeInOut\"}]'\n\t\t\tdata-textAlign=\"['center','center','center','center']\"\n\t\t\tdata-paddingtop=\"[0,0,0,0]\"\n\t\t\tdata-paddingright=\"[0,0,0,0]\"\n\t\t\tdata-paddingbottom=\"[0,0,0,0]\"\n\t\t\tdata-paddingleft=\"[0,0,0,0]\"\n\n\t\t\tstyle=\"z-index: 7; min-width: 2000px; max-width: 2000px; white-space: nowrap; font-size: 50px; line-height: 55px; font-weight: 900; color: rgba(255,255,255,1); letter-spacing: px;font-family:Roboto;background-color:rgba(0,0,0,0);\">ENERGIA ECOL\u00d3GICA<br>\nEM SUA CASA <\/div>\n\t<\/li>\n<\/ul>\n<div class=\"tp-bannertimer tp-bottom\" style=\"visibility: hidden !important;\"><\/div>\t<\/div>\n<script>var htmlDiv = document.getElementById(\"rs-plugin-settings-inline-css\"); var htmlDivCss=\"\";\n\t\t\t\tif(htmlDiv) {\n\t\t\t\t\thtmlDiv.innerHTML = htmlDiv.innerHTML + htmlDivCss;\n\t\t\t\t}else{\n\t\t\t\t\tvar htmlDiv = document.createElement(\"div\");\n\t\t\t\t\thtmlDiv.innerHTML = \"<style>\" + htmlDivCss + \"<\/style>\";\n\t\t\t\t\tdocument.getElementsByTagName(\"head\")[0].appendChild(htmlDiv.childNodes[0]);\n\t\t\t\t}\n\t\t\t<\/script>\n\t\t<script type=\"text\/javascript\">\nif (setREVStartSize!==undefined) setREVStartSize(\n\t{c: '#rev_slider_1_1', responsiveLevels: [1240,1024,778,480], gridwidth: [1240,1024,778,480], gridheight: [868,768,960,720], sliderLayout: 'fullscreen', fullScreenAutoWidth:'off', fullScreenAlignForce:'off', fullScreenOffsetContainer:'', fullScreenOffset:''});\n\t\t\t\nvar revapi1,\n\ttpj;\t\n(function() {\t\t\t\n\tif (!\/loaded|interactive|complete\/.test(document.readyState)) document.addEventListener(\"DOMContentLoaded\",onLoad); else onLoad();\t\n\tfunction onLoad() {\t\t\t\t\n\t\tif (tpj===undefined) { tpj = jQuery; if(\"off\" == \"on\") tpj.noConflict();}\n\tif(tpj(\"#rev_slider_1_1\").revolution == undefined){\n\t\trevslider_showDoubleJqueryError(\"#rev_slider_1_1\");\n\t}else{\n\t\trevapi1 = tpj(\"#rev_slider_1_1\").show().revolution({\n\t\t\tsliderType:\"hero\",\n\t\t\tjsFileLocation:\"\/\/lisisolar.com.br\/wp-content\/plugins\/revslider\/public\/assets\/js\/\",\n\t\t\tsliderLayout:\"fullscreen\",\n\t\t\tdottedOverlay:\"none\",\n\t\t\tdelay:9000,\n\t\t\tresponsiveLevels:[1240,1024,778,480],\n\t\t\tvisibilityLevels:[1240,1024,778,480],\n\t\t\tgridwidth:[1240,1024,778,480],\n\t\t\tgridheight:[868,768,960,720],\n\t\t\tlazyType:\"none\",\n\t\t\tparallax: {\n\t\t\t\ttype:\"mouse\",\n\t\t\t\torigo:\"slidercenter\",\n\t\t\t\tspeed:2000,\n\t\t\t\tspeedbg:0,\n\t\t\t\tspeedls:0,\n\t\t\t\tlevels:[2,3,4,5,6,7,12,16,10,50,47,48,49,50,51,55],\n\t\t\t},\n\t\t\tshadow:0,\n\t\t\tspinner:\"off\",\n\t\t\tautoHeight:\"off\",\n\t\t\tfullScreenAutoWidth:\"off\",\n\t\t\tfullScreenAlignForce:\"off\",\n\t\t\tfullScreenOffsetContainer: \"\",\n\t\t\tfullScreenOffset: \"\",\n\t\t\tdisableProgressBar:\"on\",\n\t\t\thideThumbsOnMobile:\"on\",\n\t\t\thideSliderAtLimit:0,\n\t\t\thideCaptionAtLimit:0,\n\t\t\thideAllCaptionAtLilmit:0,\n\t\t\tdebugMode:false,\n\t\t\tfallbacks: {\n\t\t\t\tsimplifyAll:\"off\",\n\t\t\t\tdisableFocusListener:false,\n\t\t\t}\n\t\t});\n\t}; \/* END OF revapi call *\/\n\t\n }; \/* END OF ON LOAD FUNCTION *\/\n}()); \/* END OF WRAPPING FUNCTION *\/\n<\/script>\n\t\t<script>\n\t\t\t\t\tvar htmlDivCss = unescape(\".videoisplaying%20.tp-video-play-button%2C%20.tp-video-play-button%20%7Bdisplay%3Anone%20%21important%3B%7D\");\n\t\t\t\t\tvar htmlDiv = document.getElementById('rs-plugin-settings-inline-css');\n\t\t\t\t\tif(htmlDiv) {\n\t\t\t\t\t\thtmlDiv.innerHTML = htmlDiv.innerHTML + htmlDivCss;\n\t\t\t\t\t}\n\t\t\t\t\telse{\n\t\t\t\t\t\tvar htmlDiv = document.createElement('div');\n\t\t\t\t\t\thtmlDiv.innerHTML = '<style>' + htmlDivCss + '<\/style>';\n\t\t\t\t\t\tdocument.getElementsByTagName('head')[0].appendChild(htmlDiv.childNodes[0]);\n\t\t\t\t\t}\n\t\t\t\t  <\/script><\/div><!-- END REVOLUTION SLIDER -->[\/vc_column_text][\/vc_column][\/vc_row][vc_row][vc_column preset=&#8221;mpc_preset_34&#8243; content_preset=&#8221;_mpc_preset_34&#8243;][vc_column_text]<\/p>\n<h4 style=\"text-align: center;\">ENERGIA LIMPA PARA O FUTURO<\/h4>\n<p>[\/vc_column_text][vc_column_text]<\/p>\n<h2 style=\"font-size: 40px; text-align: center;\">ENERGIA ECOL\u00d3GICA<br \/>\nEM SUA CASA<\/h2>\n<p>[\/vc_column_text][vc_btn title=&#8221;CLIQUE AQUI PARA OBTER UM OR\u00c7AMENTO PERSONALIZADO&#8221; color=&#8221;success&#8221; size=&#8221;lg&#8221; align=&#8221;center&#8221; i_icon_fontawesome=&#8221;fa fa-whatsapp&#8221; add_icon=&#8221;true&#8221; link=&#8221;url:http%3A%2F%2Fbit.ly%2F3MxM6m4|title:Entrar%20em%20contato|target:%20_blank|&#8221;][vc_empty_space height=&#8221;40px&#8221;][\/vc_column][\/vc_row][vc_row full_width=&#8221;stretch_row&#8221; first_background_type=&#8221;image&#8221; first_background_image_size=&#8221;full&#8221; first_background_size=&#8221;cover&#8221; second_background_color=&#8221;#888888&#8243; enable_parallax=&#8221;true&#8221; parallax_background=&#8221;1401&#8243; parallax_style=&#8221;classic-fast&#8221;][vc_column width=&#8221;1\/2&#8243;][\/vc_column][vc_column width=&#8221;1\/2&#8243; css=&#8221;.vc_custom_1569437444985{padding-top: 40px !important;padding-right: 40px !important;padding-bottom: 40px !important;padding-left: 40px !important;background-color: #ffffff !important;}&#8221;][vc_column_text css=&#8221;.vc_custom_1569425424254{margin-bottom: 0px !important;}&#8221;]<\/p>\n<h2>POR QUE NOS ESCOLHER<\/h2>\n<p>[\/vc_column_text][vc_empty_space height=&#8221;30px&#8221;]<div id=\"mpc_connected_icons-7669d279b735fea\" class=\"mpc-connected-icons mpc-init mpc-transition \"  data-ci-cols=\"4\" data-target=\"icon\" data-layout=\"vertical\"><div class=\"mpc-connected-icons__line\"><span><\/span><\/div><div data-id=\"mpc_icon_column-3169d279b736181\" class=\"mpc-icon-column mpc-init mpc-parent-hover mpc-transition mpc-animation mpc-icon-column--style_3 mpc-align--left \"  data-animation-in=\"transition.flipYIn||500||0||90\"><div data-id=\"mpc_icon-2469d279b7361fb\" class=\"mpc-icon mpc-init mpc-transition mpc-effect-none mpc-icon-hover \"><div class=\"mpc-icon-wrap\"><i class=\"mpc-icon-part mpc-regular mpc-transition  fa fa-globe\"><\/i><i class=\"mpc-icon-part mpc-hover mpc-transition  fa fa-globe\"><\/i><\/div><\/div><div class=\"mpc-icon-column__content-wrap\"><div class=\"mpc-icon-column__content\"><h3 class=\"mpc-icon-column__heading mpc-transition\"><strong>ENERGIA LIMPA SEMPRE<\/strong><\/h3><div class=\"mpc-icon-column__description mpc-transition\"><p>Gerar \u00e0 partir do sol reduz a necessidade de gera\u00e7\u00e3o atrav\u00e9s de outras fontes mais poluentes.<\/p>\n<\/div><\/div><\/div><\/div><div data-id=\"mpc_icon_column-1369d279b736356\" class=\"mpc-icon-column mpc-init mpc-parent-hover mpc-transition mpc-animation mpc-icon-column--style_3 mpc-align--left \"  data-animation-in=\"transition.flipYIn||500||0||90\"><div data-id=\"mpc_icon-469d279b73639c\" class=\"mpc-icon mpc-init mpc-transition mpc-effect-none mpc-icon-hover \"><div class=\"mpc-icon-wrap\"><i class=\"mpc-icon-part mpc-regular mpc-transition  fa fa-cogs\"><\/i><i class=\"mpc-icon-part mpc-hover mpc-transition  fa fa-cogs\"><\/i><\/div><\/div><div class=\"mpc-icon-column__content-wrap\"><div class=\"mpc-icon-column__content\"><h3 class=\"mpc-icon-column__heading mpc-transition\"><strong>F\u00c1CIL INSTALA\u00c7\u00c3O<\/strong><\/h3><div class=\"mpc-icon-column__description mpc-transition\"><p>Instalar energia solar \u00e9 mais f\u00e1cil do que parece!<\/p>\n<\/div><\/div><\/div><\/div><div data-id=\"mpc_icon_column-7769d279b736466\" class=\"mpc-icon-column mpc-init mpc-parent-hover mpc-transition mpc-animation mpc-icon-column--style_3 mpc-align--left \"  data-animation-in=\"transition.flipYIn||500||0||90\"><div data-id=\"mpc_icon-1869d279b73648c\" class=\"mpc-icon mpc-init mpc-transition mpc-effect-none mpc-icon-hover \"><div class=\"mpc-icon-wrap\"><i class=\"mpc-icon-part mpc-regular mpc-transition  fa fa-usd\"><\/i><i class=\"mpc-icon-part mpc-hover mpc-transition  fa fa-usd\"><\/i><\/div><\/div><div class=\"mpc-icon-column__content-wrap\"><div class=\"mpc-icon-column__content\"><h3 class=\"mpc-icon-column__heading mpc-transition\"><strong>INSTALA\u00c7\u00c3O DE BAIXO CUSTO<\/strong><\/h3><div class=\"mpc-icon-column__description mpc-transition\"><p>Conhe\u00e7a os custos e vantagens do sistema de Energia Solar.<\/p>\n<\/div><\/div><\/div><\/div><div data-id=\"mpc_icon_column-5369d279b73650c\" class=\"mpc-icon-column mpc-init mpc-parent-hover mpc-transition mpc-animation mpc-icon-column--style_3 mpc-align--left \"  data-animation-in=\"transition.flipYIn||500||0||90\"><div data-id=\"mpc_icon-6169d279b73652d\" class=\"mpc-icon mpc-init mpc-transition mpc-effect-none mpc-icon-hover \"><div class=\"mpc-icon-wrap\"><i class=\"mpc-icon-part mpc-regular mpc-transition  fa fa-clock-o\"><\/i><i class=\"mpc-icon-part mpc-hover mpc-transition  fa fa-clock-o\"><\/i><\/div><\/div><div class=\"mpc-icon-column__content-wrap\"><div class=\"mpc-icon-column__content\"><h3 class=\"mpc-icon-column__heading mpc-transition\"><strong>LONGO TEMPO DE USO<\/strong><\/h3><div class=\"mpc-icon-column__description mpc-transition\"><p>Os sistemas de fotovoltaicos funcionam por pelo menos 25 anos.<\/p>\n<\/div><\/div><\/div><\/div><div data-id=\"mpc_icon_column-5769d279b7365a5\" class=\"mpc-icon-column mpc-init mpc-parent-hover mpc-transition mpc-animation mpc-icon-column--style_3 mpc-align--left \"  data-animation-in=\"transition.flipYIn||500||0||90\"><div data-id=\"mpc_icon-2169d279b7365c4\" class=\"mpc-icon mpc-init mpc-transition mpc-effect-none mpc-icon-hover \"><div class=\"mpc-icon-wrap\"><i class=\"mpc-icon-part mpc-regular mpc-transition  fa fa-files-o\"><\/i><i class=\"mpc-icon-part mpc-hover mpc-transition  fa fa-files-o\"><\/i><\/div><\/div><div class=\"mpc-icon-column__content-wrap\"><div class=\"mpc-icon-column__content\"><h3 class=\"mpc-icon-column__heading mpc-transition\"><strong>USO PARA MUITAS FINALIDADES<\/strong><\/h3><div class=\"mpc-icon-column__description mpc-transition\"><p>Seja para uma resid\u00eancia, com\u00e9rcio, ou ainda uma ind\u00fastria.<\/p>\n<\/div><\/div><\/div><\/div><\/div>[\/vc_column][\/vc_row][vc_row][vc_column preset=&#8221;mpc_preset_34&#8243; content_preset=&#8221;_mpc_preset_34&#8243;][\/vc_column][\/vc_row][vc_row full_width=&#8221;stretch_row&#8221; enable_parallax=&#8221;true&#8221; parallax_background=&#8221;1396&#8243; css=&#8221;.vc_custom_1569804545930{background-position: center !important;background-repeat: no-repeat !important;background-size: cover !important;}&#8221;][vc_column offset=&#8221;vc_hidden-sm vc_hidden-xs&#8221;][vc_empty_space height=&#8221;160px&#8221;][vc_column_text]<\/p>\n<h1><span style=\"color: #ffffff;\">Tire suas d\u00favidas sobre<\/span><br \/>\n<span style=\"color: #ffffff;\">a ENERGIA solar!<\/span><\/h1>\n<p><span style=\"color: #ffffff;\">V\u00eddeo: Cedido pelo Instituto IDEAL<\/span>[\/vc_column_text]<a href=\"https:\/\/www.youtube.com\/watch?v=2C13sZNBIDA&#038;t=4s\" title=\"Cedido pelo Instituto IDEAL\"  class=\"mpc-lightbox mpc-init mpc-transition mpc-magnific-popup \"><div data-id=\"mpc_button-169d279b736676\" class=\"mpc-button mpc-init mpc-transition \" ><div class=\"mpc-button__content mpc-effect-type--none mpc-effect-side--none\"><span class=\"mpc-button__title mpc-transition\">Assistir V\u00eddeo<\/span><\/div><div class=\"mpc-button__background mpc-transition mpc-effect-type--fade mpc-effect-side--in\"><\/div><\/div><\/a>[vc_empty_space height=&#8221;160px&#8221;][\/vc_column][\/vc_row][vc_row full_width=&#8221;stretch_row&#8221; enable_first_overlay=&#8221;true&#8221; first_overlay_opacity=&#8221;100&#8243; first_background_type=&#8221;image&#8221; first_background_image=&#8221;1396&#8243; first_background_size=&#8221;cover&#8221;][vc_column offset=&#8221;vc_hidden-lg vc_hidden-md&#8221;][vc_empty_space height=&#8221;100px&#8221;][vc_column_text]Tire suas d\u00favidas sobre<br \/>\na ELETRICIDADE solar![\/vc_column_text]<a href=\"https:\/\/vimeo.com\/27839452\" title=\"\"  class=\"mpc-lightbox mpc-init mpc-transition mpc-magnific-popup \"><div data-id=\"mpc_button-9769d279b736a16\" class=\"mpc-button mpc-init mpc-transition \" ><div class=\"mpc-button__content mpc-effect-type--none mpc-effect-side--none\"><span class=\"mpc-button__title mpc-transition\">Play Video<\/span><\/div><div class=\"mpc-button__background mpc-transition mpc-effect-type--fade mpc-effect-side--in\"><\/div><\/div><\/a>[vc_empty_space height=&#8221;100px&#8221;][\/vc_column][\/vc_row][vc_row][vc_column preset=&#8221;mpc_preset_34&#8243; content_preset=&#8221;_mpc_preset_34&#8243;][vc_empty_space height=&#8221;60px&#8221;][vc_column_text]<\/p>\n<h2 style=\"font-size: 40px; text-align: center;\">SERVI\u00c7OS REALIZADOS<\/h2>\n<p>[\/vc_column_text][vc_empty_space height=&#8221;25px&#8221;][\/vc_column][\/vc_row][vc_row][vc_column width=&#8221;1\/4&#8243;][vc_single_image image=&#8221;1485&#8243; img_size=&#8221;full&#8221; alignment=&#8221;center&#8221; onclick=&#8221;link_image&#8221;][\/vc_column][vc_column width=&#8221;1\/4&#8243;][vc_single_image image=&#8221;1484&#8243; img_size=&#8221;full&#8221; alignment=&#8221;center&#8221; onclick=&#8221;link_image&#8221;][\/vc_column][vc_column width=&#8221;1\/4&#8243;][vc_single_image image=&#8221;1483&#8243; img_size=&#8221;full&#8221; alignment=&#8221;center&#8221; onclick=&#8221;link_image&#8221;][\/vc_column][vc_column width=&#8221;1\/4&#8243;][vc_single_image image=&#8221;1490&#8243; img_size=&#8221;full&#8221; alignment=&#8221;center&#8221; onclick=&#8221;link_image&#8221;][\/vc_column][\/vc_row][vc_row][vc_column width=&#8221;1\/4&#8243;][vc_single_image image=&#8221;1526&#8243; img_size=&#8221;full&#8221; alignment=&#8221;center&#8221; onclick=&#8221;link_image&#8221;][\/vc_column][vc_column width=&#8221;1\/4&#8243;][vc_single_image image=&#8221;1527&#8243; img_size=&#8221;full&#8221; alignment=&#8221;center&#8221; onclick=&#8221;link_image&#8221;][\/vc_column][vc_column width=&#8221;1\/4&#8243;][vc_single_image image=&#8221;1529&#8243; img_size=&#8221;full&#8221; alignment=&#8221;center&#8221; onclick=&#8221;link_image&#8221;][\/vc_column][vc_column width=&#8221;1\/4&#8243;][vc_single_image image=&#8221;1533&#8243; img_size=&#8221;full&#8221; alignment=&#8221;center&#8221; onclick=&#8221;link_image&#8221;][\/vc_column][\/vc_row][vc_row][vc_column width=&#8221;1\/4&#8243;][vc_single_image image=&#8221;1530&#8243; img_size=&#8221;full&#8221; alignment=&#8221;center&#8221; onclick=&#8221;link_image&#8221;][\/vc_column][vc_column width=&#8221;1\/4&#8243;][vc_single_image image=&#8221;1531&#8243; img_size=&#8221;full&#8221; alignment=&#8221;center&#8221; onclick=&#8221;link_image&#8221;][\/vc_column][vc_column width=&#8221;1\/4&#8243;][vc_single_image image=&#8221;1532&#8243; img_size=&#8221;full&#8221; alignment=&#8221;center&#8221; onclick=&#8221;link_image&#8221;][\/vc_column][vc_column width=&#8221;1\/4&#8243;][\/vc_column][\/vc_row][vc_row el_id=&#8221;orcamento&#8221;][vc_column preset=&#8221;mpc_preset_34&#8243; content_preset=&#8221;_mpc_preset_34&#8243;][vc_empty_space height=&#8221;25px&#8221;][vc_column_text]<\/p>\n<h2 style=\"font-size: 40px; text-align: center;\">SOLICITE UM OR\u00c7AMENTO<\/h2>\n<p>[\/vc_column_text][vc_empty_space height=&#8221;25px&#8221;][\/vc_column][\/vc_row][vc_row][vc_column][vc_btn title=&#8221;CLIQUE AQUI PARA OBTER UM OR\u00c7AMENTO PERSONALIZADO&#8221; color=&#8221;success&#8221; size=&#8221;lg&#8221; align=&#8221;center&#8221; i_icon_fontawesome=&#8221;fa fa-whatsapp&#8221; add_icon=&#8221;true&#8221; link=&#8221;url:http%3A%2F%2Fbit.ly%2F3MxM6m4|title:Entrar%20em%20contato|target:%20_blank|&#8221;][\/vc_column][\/vc_row]<\/p>\n","protected":false},"excerpt":{"rendered":"<p>[vc_row full_width=&#8221;stretch_row&#8221; enable_first_overlay=&#8221;true&#8221; first_overlay_opacity=&#8221;100&#8243;][vc_column][vc_column_text][\/vc_column_text][\/vc_column][\/vc_row][vc_row][vc_column preset=&#8221;mpc_preset_34&#8243; content_preset=&#8221;_mpc_preset_34&#8243;][vc_column_text] ENERGIA LIMPA PARA O FUTURO [\/vc_column_text][vc_column_text] ENERGIA ECOL\u00d3GICA EM SUA CASA [\/vc_column_text][vc_btn title=&#8221;CLIQUE AQUI<\/p>\n","protected":false},"author":1,"featured_media":0,"parent":0,"menu_order":0,"comment_status":"closed","ping_status":"closed","template":"page-no-paddings.php","meta":[],"_links":{"self":[{"href":"http:\/\/lisisolar.com.br\/index.php?rest_route=\/wp\/v2\/pages\/107"}],"collection":[{"href":"http:\/\/lisisolar.com.br\/index.php?rest_route=\/wp\/v2\/pages"}],"about":[{"href":"http:\/\/lisisolar.com.br\/index.php?rest_route=\/wp\/v2\/types\/page"}],"author":[{"embeddable":true,"href":"http:\/\/lisisolar.com.br\/index.php?rest_route=\/wp\/v2\/users\/1"}],"replies":[{"embeddable":true,"href":"http:\/\/lisisolar.com.br\/index.php?rest_route=%2Fwp%2Fv2%2Fcomments&post=107"}],"version-history":[{"count":76,"href":"http:\/\/lisisolar.com.br\/index.php?rest_route=\/wp\/v2\/pages\/107\/revisions"}],"predecessor-version":[{"id":1552,"href":"http:\/\/lisisolar.com.br\/index.php?rest_route=\/wp\/v2\/pages\/107\/revisions\/1552"}],"wp:attachment":[{"href":"http:\/\/lisisolar.com.br\/index.php?rest_route=%2Fwp%2Fv2%2Fmedia&parent=107"}],"curies":[{"name":"wp","href":"https:\/\/api.w.org\/{rel}","templated":true}]}}