{"id":661,"date":"2017-01-10T14:08:23","date_gmt":"2017-01-10T14:08:23","guid":{"rendered":"http:\/\/mnkythemes.com\/vital\/coaching\/?page_id=661"},"modified":"2021-04-29T17:04:53","modified_gmt":"2021-04-29T20:04:53","slug":"sobrealise","status":"publish","type":"page","link":"http:\/\/lisisolar.com.br\/?page_id=661","title":{"rendered":"sobre"},"content":{"rendered":"<p>[vc_row full_width=&#8221;stretch_row&#8221; enable_first_overlay=&#8221;true&#8221; first_overlay_opacity=&#8221;100&#8243; first_background_type=&#8221;image&#8221; first_background_image=&#8221;1353&#8243; first_background_position=&#8221;top-right&#8221; first_background_image_size=&#8221;full&#8221; first_background_size=&#8221;cover&#8221; animation_in_type=&#8221;transition.fadeIn&#8221; animation_in_offset=&#8221;90&#8243; animation_in_duration=&#8221;900&#8243; animation_in_delay=&#8221;0&#8243;][vc_column][vc_empty_space height=&#8221;100px&#8221;][vc_row_inner content_placement=&#8221;middle&#8221;][vc_column_inner offset=&#8221;vc_hidden-sm vc_hidden-xs&#8221;][vc_empty_space height=&#8221;100px&#8221;][\/vc_column_inner][\/vc_row_inner][\/vc_column][\/vc_row][vc_row][vc_column][vc_empty_space height=&#8221;60px&#8221;][\/vc_column][\/vc_row][vc_row preset=&#8221;mpc_preset_74&#8243; content_preset=&#8221;_mpc_preset_74&#8243;][vc_column css=&#8221;.vc_custom_1485030828778{padding-right: 40px !important;}&#8221; offset=&#8221;vc_col-md-6&#8243;]<div data-id=\"mpc_image-2869d29b513d8ce\" onclick=\"\" class=\"mpc-image mpc-init mpc-animation \"  data-animation-in=\"transition.slideLeftIn||700||200||90\"><div class=\"mpc-item mpc-transition\"><img width=\"1280\" height=\"720\" src=\"http:\/\/lisisolar.com.br\/wp-content\/uploads\/2019\/09\/energia-solar-como-funciona.png\" class=\"mpc-transition attachment-full\" alt=\"\" loading=\"lazy\" srcset=\"http:\/\/lisisolar.com.br\/wp-content\/uploads\/2019\/09\/energia-solar-como-funciona.png 1280w, http:\/\/lisisolar.com.br\/wp-content\/uploads\/2019\/09\/energia-solar-como-funciona-300x169.png 300w, http:\/\/lisisolar.com.br\/wp-content\/uploads\/2019\/09\/energia-solar-como-funciona-768x432.png 768w, http:\/\/lisisolar.com.br\/wp-content\/uploads\/2019\/09\/energia-solar-como-funciona-1024x576.png 1024w\" sizes=\"(max-width: 1280px) 100vw, 1280px\" \/><\/div><\/div>[vc_empty_space height=&#8221;20px&#8221;][\/vc_column][vc_column offset=&#8221;vc_col-md-6&#8243;][vc_empty_space height=&#8221;10px&#8221;][vc_column_text]<strong>APRESENTA\u00c7\u00c3O<\/strong><br \/>\nA empresa <em><strong>LISI SOLAR INCORPORADORA<\/strong><\/em> , atuante no ramo da constru\u00e7\u00e3o civil desde 2012 e voltada para os segmentos de energias sustent\u00e1veis e sistemas de uso racional de \u00e1gua tem como filosofia de trabalho entregar solu\u00e7\u00f5es simples e de qualidade a um custo compat\u00edvel aos seus clientes.<\/p>\n<p><strong>NOSSOS SERVI\u00c7OS<\/strong><br \/>\nImplanta\u00e7\u00e3o de Sistemas Fotovoltaicos conectados \u00e0 rede \u2013 Residenciais, Comerciais e Industriais, Rurais, Usinas para gera\u00e7\u00e3o remota, Sistemas h\u00edbridos com armazenamento.<\/p>\n<p>Instala\u00e7\u00e3o de sistemas de economia de \u00e1gua residenciais, comerciais e industriais.<\/p>\n<p>An\u00e1lise pr\u00e9via nas instala\u00e7\u00f5es el\u00e9tricas do cliente com o intuito de racionalizar o consumo de energia el\u00e9trica antes de propor a implanta\u00e7\u00e3o do sistema fotovoltaico.<\/p>\n<p><strong>SOLU\u00c7\u00c3O<\/strong><br \/>\nPara os sistemas fotovoltaicos cuidamos de todo o processo legal, desde o dimensionamento do sistema, confec\u00e7\u00e3o do projeto, anota\u00e7\u00e3o de responsabilidade t\u00e9cnica ( ART ), regulamenta\u00e7\u00e3o do projeto junto \u00e0 concession\u00e1ria, fornecimento do material, instala\u00e7\u00e3o da usina e monitoramento. Todos os materiais fornecidos s\u00e3o provenientes de fabricantes mundialmente consagrados e com selos do INMETRO.<\/p>\n<p><strong>Vantagens do Sistema Fotovoltaico<\/strong><\/p>\n<p>O modelo energ\u00e9tico atual \u00e9 ineficiente, caro e pouco confi\u00e1vel, a ado\u00e7\u00e3o de meios renov\u00e1veis como fonte de energia el\u00e9trica est\u00e1 cada vez mais sendo procurada e explorada no mundo todo. No Brasil, a quantidade de instala\u00e7\u00f5es que possuem gera\u00e7\u00e3o de energia el\u00e9trica por fonte solar fotovoltaica cresce a cada ano e as tarifas do sistema convencional, sem gera\u00e7\u00e3o solar, s\u00f3 aumentam, ou seja, a conta de luz tende a ficar cada vez mais cara. A energia fotovoltaica n\u00e3o \u00e9 uma tecnologia nova, mas s\u00f3 agora se tornou financeiramente vi\u00e1vel. Abaixo est\u00e3o as principais vantagens desse sistema:<\/p>\n<p>\u2022 O Sol \u00e9 uma fonte de energia inesgot\u00e1vel e abundante;<br \/>\n\u2022 Monitoramento e controle via internet do funcionamento do sistema;<br \/>\n\u2022 Imunidade aos aumentos das tarifas da concession\u00e1ria;<br \/>\n\u2022 Investimento de alto rendimento;<br \/>\n\u2022 Funcionamento aut\u00f4nomo e silencioso;<br \/>\n\u2022 Valoriza\u00e7\u00e3o do im\u00f3vel;<br \/>\n\u2022 Durabilidade do sistema de 25 anos;<br \/>\n\u2022 Impacto ambiental nulo;<br \/>\n\u2022 Redu\u00e7\u00e3o do valor da conta de energia em at\u00e9 95%;<br \/>\n\u2022 Pouca necessidade de manuten\u00e7\u00e3o.[\/vc_column_text][\/vc_column][\/vc_row][vc_row][vc_column][vc_empty_space height=&#8221;60px&#8221;][\/vc_column][\/vc_row]<\/p>\n","protected":false},"excerpt":{"rendered":"<p>[vc_row full_width=&#8221;stretch_row&#8221; enable_first_overlay=&#8221;true&#8221; first_overlay_opacity=&#8221;100&#8243; first_background_type=&#8221;image&#8221; first_background_image=&#8221;1353&#8243; first_background_position=&#8221;top-right&#8221; first_background_image_size=&#8221;full&#8221; first_background_size=&#8221;cover&#8221; animation_in_type=&#8221;transition.fadeIn&#8221; animation_in_offset=&#8221;90&#8243; animation_in_duration=&#8221;900&#8243; animation_in_delay=&#8221;0&#8243;][vc_column][vc_empty_space height=&#8221;100px&#8221;][vc_row_inner content_placement=&#8221;middle&#8221;][vc_column_inner offset=&#8221;vc_hidden-sm vc_hidden-xs&#8221;][vc_empty_space height=&#8221;100px&#8221;][\/vc_column_inner][\/vc_row_inner][\/vc_column][\/vc_row][vc_row][vc_column][vc_empty_space height=&#8221;60px&#8221;][\/vc_column][\/vc_row][vc_row preset=&#8221;mpc_preset_74&#8243;<\/p>\n","protected":false},"author":1,"featured_media":0,"parent":0,"menu_order":0,"comment_status":"closed","ping_status":"closed","template":"page-no-paddings.php","meta":[],"_links":{"self":[{"href":"http:\/\/lisisolar.com.br\/index.php?rest_route=\/wp\/v2\/pages\/661"}],"collection":[{"href":"http:\/\/lisisolar.com.br\/index.php?rest_route=\/wp\/v2\/pages"}],"about":[{"href":"http:\/\/lisisolar.com.br\/index.php?rest_route=\/wp\/v2\/types\/page"}],"author":[{"embeddable":true,"href":"http:\/\/lisisolar.com.br\/index.php?rest_route=\/wp\/v2\/users\/1"}],"replies":[{"embeddable":true,"href":"http:\/\/lisisolar.com.br\/index.php?rest_route=%2Fwp%2Fv2%2Fcomments&post=661"}],"version-history":[{"count":14,"href":"http:\/\/lisisolar.com.br\/index.php?rest_route=\/wp\/v2\/pages\/661\/revisions"}],"predecessor-version":[{"id":1511,"href":"http:\/\/lisisolar.com.br\/index.php?rest_route=\/wp\/v2\/pages\/661\/revisions\/1511"}],"wp:attachment":[{"href":"http:\/\/lisisolar.com.br\/index.php?rest_route=%2Fwp%2Fv2%2Fmedia&parent=661"}],"curies":[{"name":"wp","href":"https:\/\/api.w.org\/{rel}","templated":true}]}}